{"id":15,"date":"2022-04-01T17:39:06","date_gmt":"2022-04-01T17:39:06","guid":{"rendered":"https:\/\/therapieoberst.de\/?page_id=15"},"modified":"2022-04-02T11:02:47","modified_gmt":"2022-04-02T11:02:47","slug":"psychotherapie","status":"publish","type":"page","link":"https:\/\/therapieoberst.de\/?page_id=15","title":{"rendered":"Psychotherapie&#8230;"},"content":{"rendered":"\n<p>&#8230;ist dann angezeigt, wenn das Erleben und Verhalten die Alltagsfunktionen deutlich beeintr\u00e4chtigt und zu einer dauerhaften Minderung der Lebensqualit\u00e4t f\u00fchrt. <\/p>\n\n\n\n<p>Die Kl\u00e4rung der Indikation f\u00fcr eine psychotherapeutische Behandlung kann im Rahmen einer psychotherapeutischen Sprechstunde erfolgen. <br>In weiteren probatorischen Sitzungen k\u00f6nnen im Anschluss daran die Voraussetzungen f\u00fcr die Durchf\u00fchrung einer erfolgreichen Behandlung \u00fcberpr\u00fcft werden. Falls die Voraussetzungen gegeben sind, so kann im Anschluss an die probatorischen Sitzungen eine Kurzzeit- oder Langzeittherapie bei Ihrer Krankenkasse beantragt werden. <\/p>\n\n\n\n<p>Mein Schwerpunkt in der Behandlung psychischer St\u00f6rungen ist Verhaltenstherapie f\u00fcr Erwachsene. Die Grundannahmen dieser Therapieform liegen in der Lerntheorie. Die Idee dabei ist, dass jegliche Reaktionen (Gef\u00fchle, Gedanken, Verhaltensweisen) erlernt und wieder verlernt werden k\u00f6nnen. Teil des Vorgehens ist, dass sie f\u00fcr die Zeit zwischen den Sitzungen Aufgaben erhalten, um hinderliche Verhaltensmuster zu \u00fcberwinden. Aus diesem Grund ist ihre ihre aktive Mitarbeit unerl\u00e4sslich. <\/p>\n\n\n\n<p>Verhaltenstherapie hat sich durch die traditionell starke universit\u00e4re Anbindung stets darum bem\u00fcht, das Vorgehen transparent zu halten und die Effektivit\u00e4t mit Hilfe von umfangreichen wissenschaftlichen Studien zu belegen. F\u00fcr folgende Bereiche ist diese Therapieform wirksam: <\/p>\n\n\n\n<div class=\"wp-block-image is-style-rounded\"><figure class=\"alignright size-full is-resized\"><img decoding=\"async\" loading=\"lazy\" src=\"https:\/\/therapieoberst.de\/wp-content\/uploads\/2022\/03\/20180501_142914.jpg\" alt=\"\" class=\"wp-image-16\" width=\"409\" height=\"307\" srcset=\"https:\/\/therapieoberst.de\/wp-content\/uploads\/2022\/03\/20180501_142914.jpg 1600w, https:\/\/therapieoberst.de\/wp-content\/uploads\/2022\/03\/20180501_142914-300x225.jpg 300w, https:\/\/therapieoberst.de\/wp-content\/uploads\/2022\/03\/20180501_142914-1024x768.jpg 1024w, https:\/\/therapieoberst.de\/wp-content\/uploads\/2022\/03\/20180501_142914-768x576.jpg 768w, https:\/\/therapieoberst.de\/wp-content\/uploads\/2022\/03\/20180501_142914-1536x1152.jpg 1536w\" sizes=\"(max-width: 409px) 100vw, 409px\" \/><\/figure><\/div>\n\n\n\n<ul><li>Angstst\u00f6rungen<\/li><li>Depression<\/li><li>Somatoforme St\u00f6rung (k\u00f6rperliche Beschwerden ohne ausreichende organische Ursache)<\/li><li>Zwangsst\u00f6rungen<\/li><li>Essst\u00f6rungen<\/li><li>ADHS <\/li><li>Pers\u00f6nlichkeitsst\u00f6rungen <\/li><li>Schlafst\u00f6rungen<\/li><li>chronische Schmerzen<\/li><\/ul>\n\n\n\n<p>Falls Sie sich eine Linderung psychischer Beschwerden w\u00fcnschen, welche ihre Lebensf\u00fchrung in erheblichem Ausma\u00dfe beeintr\u00e4chtigen, so k\u00f6nnen Sie mit mir unter der angegebenen Telefonnummer oder E-Mail-Adresse in Kontakt treten. <\/p>\n","protected":false},"excerpt":{"rendered":"<p>&#8230;ist dann angezeigt, wenn das Erleben und Verhalten die Alltagsfunktionen deutlich beeintr\u00e4chtigt und zu einer dauerhaften Minderung der Lebensqualit\u00e4t f\u00fchrt. Die Kl\u00e4rung der Indikation f\u00fcr eine psychotherapeutische Behandlung kann im Rahmen einer psychotherapeutischen Sprechstunde erfolgen. In weiteren probatorischen Sitzungen k\u00f6nnen im Anschluss daran die Voraussetzungen f\u00fcr die Durchf\u00fchrung einer erfolgreichen Behandlung \u00fcberpr\u00fcft werden. Falls die&#8230;<\/p>\n","protected":false},"author":1,"featured_media":0,"parent":0,"menu_order":0,"comment_status":"closed","ping_status":"closed","template":"","meta":{"_kad_post_transparent":"","_kad_post_title":"","_kad_post_layout":"","_kad_post_sidebar_id":"","_kad_post_content_style":"","_kad_post_vertical_padding":"","_kad_post_feature":"","_kad_post_feature_position":"","_kad_post_header":false,"_kad_post_footer":false},"_links":{"self":[{"href":"https:\/\/therapieoberst.de\/index.php?rest_route=\/wp\/v2\/pages\/15"}],"collection":[{"href":"https:\/\/therapieoberst.de\/index.php?rest_route=\/wp\/v2\/pages"}],"about":[{"href":"https:\/\/therapieoberst.de\/index.php?rest_route=\/wp\/v2\/types\/page"}],"author":[{"embeddable":true,"href":"https:\/\/therapieoberst.de\/index.php?rest_route=\/wp\/v2\/users\/1"}],"replies":[{"embeddable":true,"href":"https:\/\/therapieoberst.de\/index.php?rest_route=%2Fwp%2Fv2%2Fcomments&post=15"}],"version-history":[{"count":6,"href":"https:\/\/therapieoberst.de\/index.php?rest_route=\/wp\/v2\/pages\/15\/revisions"}],"predecessor-version":[{"id":80,"href":"https:\/\/therapieoberst.de\/index.php?rest_route=\/wp\/v2\/pages\/15\/revisions\/80"}],"wp:attachment":[{"href":"https:\/\/therapieoberst.de\/index.php?rest_route=%2Fwp%2Fv2%2Fmedia&parent=15"}],"curies":[{"name":"wp","href":"https:\/\/api.w.org\/{rel}","templated":true}]}}