{"id":24,"date":"2022-04-01T17:39:23","date_gmt":"2022-04-01T17:39:23","guid":{"rendered":"https:\/\/therapieoberst.de\/?page_id=24"},"modified":"2022-04-02T09:51:06","modified_gmt":"2022-04-02T09:51:06","slug":"impressum","status":"publish","type":"page","link":"https:\/\/therapieoberst.de\/?page_id=24","title":{"rendered":"Impressum"},"content":{"rendered":"\n<p>Diplom-Psychologe Konstantin Oberst<br>Psychologischer Psychotherapeut<br>Bergstra\u00dfe 4<br>29614 Soltau<br>Telefon: 01575\/1139449<br>Mail: therapieoberst@gmx.de<br>www.therapieoberst.de<br><\/p>\n\n\n\n<p>Die gesetzliche Berufsbezeichnung &#8222;Diplom-Psychologe&#8220; und &#8222;Psychologischer Psychotherapeut&#8220; <br>wurde in der Bundesrepublik Deutschland verliehen. <\/p>\n\n\n\n<p><strong>Registereintr\u00e4ge<\/strong><br>Eintragung ins Arztregister der Kassen\u00e4rztlichen Vereinigung Hamburg<br>Lebenslange Arztnummer (LANR): 428756768<br>Zulassung als Vertragspsychotherapeut durch die Kassen\u00e4rztliche Vereinigung <br>Niedersachsen <br>Betriebsst\u00e4ttennummer (BSNR): 150000600<\/p>\n\n\n\n<p><strong>Gesetzliche Aufsichtsbeh\u00f6rde<\/strong><br>Psychotherapeutenkammer Hamburg <br>Hallerstra\u00dfe 61<br>20146 Hamburg<br>Tel: 040-226 226 060<br>Fax: 040-226 226 089<br>E-Mail: info@ptk-hh.de<\/p>\n\n\n\n<p><strong>Ma\u00dfgebliche berufsrechtliche Regelungen: <\/strong><br>&#8211;  Psychotherapeutengesetz (PsychThG), abrufbar unter <a rel=\"noreferrer noopener\" href=\"http:\/\/www.gesetze-im-internet.de\/psychthg_2020\/index.html\" data-type=\"URL\" data-id=\"http:\/\/www.gesetze-im-internet.de\/psychthg_2020\/index.html\" target=\"_blank\">www.gesetze-im-internet.de<\/a><br>&#8211;&nbsp; Berufsordnung der Bundespsychotherapeutenkammer, abrufbar <br>unter <strong><a rel=\"noreferrer noopener\" href=\"https:\/\/www.bptk.de\/wp-content\/uploads\/2019\/01\/20060113_musterberufsordnung.pdf\" target=\"_blank\">www.bptk.de<\/a><\/strong> <\/p>\n\n\n\n<p><\/p>\n\n\n\n<p><strong>Haftungshinweis<\/strong><br>Trotz sorgf\u00e4ltiger inhaltlicher Kontrolle \u00fcbernehmen wir keine Haftung f\u00fcr die Inhalte externer Links. <br>F\u00fcr den Inhalt der verlinkten Seiten sind ausschlie\u00dflich deren Betreiber verantwortlich.<\/p>\n\n\n\n<p><\/p>\n\n\n\n<p><\/p>\n\n\n\n<p><\/p>\n\n\n\n<p><\/p>\n","protected":false},"excerpt":{"rendered":"<p>Diplom-Psychologe Konstantin OberstPsychologischer PsychotherapeutBergstra\u00dfe 429614 SoltauTelefon: 01575\/1139449Mail: therapieoberst@gmx.dewww.therapieoberst.de Die gesetzliche Berufsbezeichnung &#8222;Diplom-Psychologe&#8220; und &#8222;Psychologischer Psychotherapeut&#8220; wurde in der Bundesrepublik Deutschland verliehen. Registereintr\u00e4geEintragung ins Arztregister der Kassen\u00e4rztlichen Vereinigung HamburgLebenslange Arztnummer (LANR): 428756768Zulassung als Vertragspsychotherapeut durch die Kassen\u00e4rztliche Vereinigung Niedersachsen Betriebsst\u00e4ttennummer (BSNR): 150000600 Gesetzliche Aufsichtsbeh\u00f6rdePsychotherapeutenkammer Hamburg Hallerstra\u00dfe 6120146 HamburgTel: 040-226 226 060Fax: 040-226 226 089E-Mail: info@ptk-hh.de Ma\u00dfgebliche&#8230;<\/p>\n","protected":false},"author":1,"featured_media":0,"parent":0,"menu_order":0,"comment_status":"closed","ping_status":"closed","template":"","meta":{"_kad_post_transparent":"","_kad_post_title":"","_kad_post_layout":"","_kad_post_sidebar_id":"","_kad_post_content_style":"","_kad_post_vertical_padding":"","_kad_post_feature":"","_kad_post_feature_position":"","_kad_post_header":false,"_kad_post_footer":false},"_links":{"self":[{"href":"https:\/\/therapieoberst.de\/index.php?rest_route=\/wp\/v2\/pages\/24"}],"collection":[{"href":"https:\/\/therapieoberst.de\/index.php?rest_route=\/wp\/v2\/pages"}],"about":[{"href":"https:\/\/therapieoberst.de\/index.php?rest_route=\/wp\/v2\/types\/page"}],"author":[{"embeddable":true,"href":"https:\/\/therapieoberst.de\/index.php?rest_route=\/wp\/v2\/users\/1"}],"replies":[{"embeddable":true,"href":"https:\/\/therapieoberst.de\/index.php?rest_route=%2Fwp%2Fv2%2Fcomments&post=24"}],"version-history":[{"count":8,"href":"https:\/\/therapieoberst.de\/index.php?rest_route=\/wp\/v2\/pages\/24\/revisions"}],"predecessor-version":[{"id":52,"href":"https:\/\/therapieoberst.de\/index.php?rest_route=\/wp\/v2\/pages\/24\/revisions\/52"}],"wp:attachment":[{"href":"https:\/\/therapieoberst.de\/index.php?rest_route=%2Fwp%2Fv2%2Fmedia&parent=24"}],"curies":[{"name":"wp","href":"https:\/\/api.w.org\/{rel}","templated":true}]}}