{"id":33,"date":"2022-04-01T17:39:35","date_gmt":"2022-04-01T17:39:35","guid":{"rendered":"https:\/\/therapieoberst.de\/?page_id=33"},"modified":"2022-04-02T09:51:27","modified_gmt":"2022-04-02T09:51:27","slug":"datenschutzerklaerung","status":"publish","type":"page","link":"https:\/\/therapieoberst.de\/?page_id=33","title":{"rendered":"Datenschutzerkl\u00e4rung"},"content":{"rendered":"\n<h2><strong>Name und Kontaktdaten des f\u00fcr die Verarbeitung Verantwortlichen<\/strong><\/h2>\n\n\n\n<p>Diplom-Psychologe Konstantin Oberst<br>Psychologischer Psychotherapeut<br>Bergstra\u00dfe 4<br>29614 Soltau<br>Kontakt: therapieoberst@gmx.de<\/p>\n\n\n\n<h2><strong>Erhebung und Speicherung personenbezogener Daten sowie Art und Zweck von deren Verwendung<\/strong><\/h2>\n\n\n\n<h4>Besuch der Website<\/h4>\n\n\n\n<p>Beim Aufrufen dieser Website werden durch den auf Ihrem Endger\u00e4t zum Einsatz kommen den Browser automatisch Informationen an den Server unserer Website gesendet. Diese Informationen werden tempor\u00e4r in einem sog. Logfile gespeichert. Folgende Informationen werden dabei ohne Ihr Zutun erfasst und bis zur automatisierten L\u00f6schung gespeichert:<\/p>\n\n\n\n<ul><li>IP-Adresse des anfragenden Rechners,<\/li><li>Datum und Uhrzeit des Zugriffs,<\/li><li>Name und URL der abgerufenen Datei,<\/li><li>Website, von der aus der Zugriff erfolgt (Referrer-URL),<\/li><li>verwendeter Browser und ggf. das Betriebssystem Ihres Rechners sowie der Name Ihres Access-Providers.<\/li><\/ul>\n\n\n\n<p>Die genannten Daten werden durch den provider dieser website zu folgenden Zwecken verarbeitet:<\/p>\n\n\n\n<ul><li>Gew\u00e4hrleistung eines reibungslosen Verbindungsaufbaus der Website,<\/li><li>Gew\u00e4hrleistung einer komfortablen Nutzung unserer Website,<\/li><li>Auswertung der Systemsicherheit und -stabilit\u00e4t sowie<\/li><li>zu weiteren administrativen Zwecken.<\/li><\/ul>\n\n\n\n<p>Die Rechtsgrundlage f\u00fcr die Datenverarbeitung ist Art. 6 Abs. 1 S. 1 lit. f DSGVO. Das berechtigte Interesse folgt aus oben aufgelisteten Zwecken zur Datenerhebung. In keinem Fall verwende ich die erhobenen Daten zu dem Zweck, R\u00fcckschl\u00fcsse auf Ihre Person zu ziehen.<\/p>\n\n\n\n<p>Es werden keine pers\u00f6nlichen Daten \u00fcber diese Website erhoben, da auf den Einsatz eines Kontaktformulars oder einer Online-Terminvereinbarung verzichtet wurde. Ebenso wurde auf den Einsatz von Analysetools oder social-media-buttons verzichtet.<\/p>\n\n\n\n<h4>Umgang mit Kontaktdaten<\/h4>\n\n\n\n<p>Die Kontaktaufnahme \u00fcber die bereitgestellte E-Mail-Adresse m\u00f6glich. Nimmt die betroffene Person \u00fcber einen dieser Kan\u00e4le Kontakt mit dem f\u00fcr die Verarbeitung Verantwortlichen auf, so werden die von der betroffenen Person \u00fcbermittelten personenbezogenen Daten automatisch gespeichert. Die Speicherung dient allein zu Zwecken der Bearbeitung oder der Kontaktaufnahme zur betroffenen Person. Eine Weitergabe der Daten an Dritte findet nicht statt. Die Daten verbleiben bei uns, bis Sie uns zur L\u00f6schung auffordern, Ihre Einwilligung widerrufen oder der Zweck f\u00fcr die Speicherung entf\u00e4llt (z.B. nach Bearbeitung Ihrer Anfrage). Gesetzliche Aufbewahrungsfristen bleiben davon unber\u00fchrt. Die Verarbeitung der Daten erfolgt auf Grundlage von Art. 6 Abs. 1 lit. b DSGVO, sofern die Anfrage mit der Erf\u00fcllung eines Vertrages zusammenh\u00e4ngt oder zur Durchf\u00fchrung vorvertraglicher Ma\u00dfnahmen erforderlich ist.<br>In den \u00fcbrigen F\u00e4llen beruht die Verarbeitung auf unseren berechtigten Interesse an der effektiven Bearbeitung Ihrer Anfrage gem. Art. 6 Abs. 1 lit. f DGSVO bzw. auf Ihrer Einwilligung gem. Art. 6 Abs. 1 lit. a DSGVO, sofern wir diese abfragen.<br><br>Hinweis auf unsichere Daten\u00fcbertragung:<br>Die Daten\u00fcbertragung im Internet (zum Beispiel bei E-Mail-Kommunikation) kann Sicherheitsl\u00fccken aufweisen.<\/p>\n\n\n\n<p>Bitte verzichten Sie in einer Kontaktaufnahme per E-Mail auf eine detaillierte Ausf\u00fchrungen. <\/p>\n\n\n\n<h4>Kontaktaufnahme \u00fcber Messenger-Dienste <\/h4>\n\n\n\n<p>Von der Kontaktaufnahme \u00fcber Messenger-Dienste wird aufgrund er Unsicherheit in Bezug auf den Datenschutz abgesehen. <\/p>\n\n\n\n<h2><strong>Weitergabe von Daten<\/strong><\/h2>\n\n\n\n<p>Eine \u00dcbermittlung Ihrer pers\u00f6nlichen Daten an Dritte zu anderen als den im Folgenden aufgef\u00fchrten Zwecken findet nicht statt. Ihre pers\u00f6nlichen Daten werden nur an Dritte weitergegeben, wenn:<\/p>\n\n\n\n<ul><li>Sie Ihre nach Art. 6 Abs. 1 S. 1 lit. a DSGVO ausdr\u00fcckliche Einwilligung dazu erteilt haben,<\/li><li>die Weitergabe nach Art. 6 Abs. 1 S. 1 lit. f DSGVO zur Geltendmachung, Aus\u00fcbung oder Verteidigung von Rechtsanspr\u00fcchen erforderlich ist und kein Grund zur Annahme besteht, dass Sie ein \u00fcberwiegendes schutzw\u00fcrdiges Interesse an der Nichtweitergabe Ihrer Daten haben,<\/li><li>f\u00fcr den Fall, dass f\u00fcr die Weitergabe nach Art. 6 Abs. 1 S. 1 lit. c DSGVO eine gesetzliche Verpflichtung besteht, sowie<\/li><li>dies gesetzlich zul\u00e4ssig und nach Art. 6 Abs. 1 S. 1 lit. B DSGVO f\u00fcr die Abwicklung von Vertragsverh\u00e4ltnissen mit Ihnen erforderlich ist.<\/li><\/ul>\n\n\n\n<h2><strong>Rechte des Nutzers: Auskunft, Berichtigung, L\u00f6schung <\/strong><\/h2>\n\n\n\n<p>Sie haben das Recht:<\/p>\n\n\n\n<ul><li>gem\u00e4\u00df Art. 15 DSGVO Auskunft \u00fcber Ihre von uns verarbeiteten personenbezogenen Daten zu verlangen. Insbesondere k\u00f6nnen Sie Auskunft \u00fcber die Verarbeitungszwecke, die Kategorie der personenbezogenen Daten, die Kategorien von Empf\u00e4ngern, gegen\u00fcber denen Ihre Daten offengelegt wurden oder werden, die geplante Speicherdauer, das Bestehen eines Rechts auf Berichtigung, L\u00f6schung, Einschr\u00e4nkung der Verarbeitung oder Widerspruch, das Bestehen eines Beschwerderechts, die Herkunft ihrer Daten, sofern diese nicht bei uns erhoben wurden, sowie \u00fcber das Bestehen einer automatisierten Entscheidungsfindung einschlie\u00dflich Profiling und ggf. aussagekr\u00e4ftigen Informationen zu deren Einzelheiten verlangen;<\/li><li>gem\u00e4\u00df Art. 16 DSGVO unverz\u00fcglich die Berichtigung unrichtiger oder Vervollst\u00e4ndigung Ihrer bei uns gespeicherten personenbezogenen Daten zu verlangen;<\/li><li>gem\u00e4\u00df Art. 17 DSGVO die L\u00f6schung Ihrer bei uns gespeicherten personenbezogenen Daten zu verlangen, soweit nicht die Verarbeitung zur Aus\u00fcbung des Rechts auf freie Meinungs\u00e4u\u00dferung und Information, zur Erf\u00fcllung einer rechtlichen Verpflichtung, aus Gr\u00fcnden des \u00f6ffentlichen Interesses oder zur Geltendmachung, Aus\u00fcbung oder Verteidigung von Rechtsanspr\u00fcchen erforderlich ist;<\/li><li>gem\u00e4\u00df Art. 18 DSGVO die Einschr\u00e4nkung der Verarbeitung Ihrer personenbezogenen Daten zu verlangen, soweit die Richtigkeit der Daten von Ihnen bestritten wird, die Verarbeitung unrechtm\u00e4\u00dfig ist, Sie aber deren L\u00f6schung ablehnen und wir die Daten nicht mehr ben\u00f6tigen, Sie jedoch diese zur Geltendmachung, Aus\u00fcbung oder Verteidigung von Rechtsanspr\u00fcchen ben\u00f6tigen oder Sie gem\u00e4\u00df Art. 21 DSGVO Widerspruch gegen die Verarbeitung eingelegt haben;<\/li><li>gem\u00e4\u00df Art. 20 DSGVO Ihre personenbezogenen Daten, die Sie uns bereitgestellt haben, in einem strukturierten, g\u00e4ngigen und maschinenlesebaren Format zu erhalten oder die \u00dcbermittlung an einen anderen Verantwortlichen zu verlangen;<\/li><li>gem\u00e4\u00df Art. 7 Abs. 3 DSGVO Ihre einmal erteilte Einwilligung jederzeit gegen\u00fcber uns zu widerrufen. Dies hat zur Folge, dass wir die Datenverarbeitung, die auf dieser Einwilligung beruhte, f\u00fcr die Zukunft nicht mehr fortf\u00fchren d\u00fcrfen und<\/li><li>gem\u00e4\u00df Art. 77 DSGVO sich bei einer Aufsichtsbeh\u00f6rde zu beschweren. In der Regel k\u00f6nnen Sie sich hierf\u00fcr an die Aufsichtsbeh\u00f6rde Ihres \u00fcblichen Aufenthaltsortes oder Arbeitsplatzes oder der Praxis wenden.<\/li><\/ul>\n\n\n\n<h2><strong>Widerspruchsrecht<\/strong><\/h2>\n\n\n\n<p>Sofern Ihre personenbezogenen Daten auf Grundlage von berechtigten Interessen gem\u00e4\u00df Art. 6 Abs. 1 S. 1 lit. f DSGVO verarbeitet werden, haben Sie das Recht, gem\u00e4\u00df Art. 21 DSGVO Widerspruch gegen die Verarbeitung Ihrer personenbezogenen Daten einzulegen, soweit daf\u00fcr Gr\u00fcnde vorliegen, die sich aus Ihrer besonderen Situation ergeben oder sich der Widerspruch gegen Direktwerbung richtet. Im letzteren Fall haben Sie ein generelles Widerspruchsrecht, das ohne Angabe einer besonderen Situation von uns umgesetzt wird.<\/p>\n","protected":false},"excerpt":{"rendered":"<p>Name und Kontaktdaten des f\u00fcr die Verarbeitung Verantwortlichen Diplom-Psychologe Konstantin OberstPsychologischer PsychotherapeutBergstra\u00dfe 429614 SoltauKontakt: therapieoberst@gmx.de Erhebung und Speicherung personenbezogener Daten sowie Art und Zweck von deren Verwendung Besuch der Website Beim Aufrufen dieser Website werden durch den auf Ihrem Endger\u00e4t zum Einsatz kommen den Browser automatisch Informationen an den Server unserer Website gesendet. Diese Informationen&#8230;<\/p>\n","protected":false},"author":1,"featured_media":0,"parent":0,"menu_order":0,"comment_status":"closed","ping_status":"closed","template":"","meta":{"_kad_post_transparent":"","_kad_post_title":"","_kad_post_layout":"","_kad_post_sidebar_id":"","_kad_post_content_style":"","_kad_post_vertical_padding":"","_kad_post_feature":"","_kad_post_feature_position":"","_kad_post_header":false,"_kad_post_footer":false},"_links":{"self":[{"href":"https:\/\/therapieoberst.de\/index.php?rest_route=\/wp\/v2\/pages\/33"}],"collection":[{"href":"https:\/\/therapieoberst.de\/index.php?rest_route=\/wp\/v2\/pages"}],"about":[{"href":"https:\/\/therapieoberst.de\/index.php?rest_route=\/wp\/v2\/types\/page"}],"author":[{"embeddable":true,"href":"https:\/\/therapieoberst.de\/index.php?rest_route=\/wp\/v2\/users\/1"}],"replies":[{"embeddable":true,"href":"https:\/\/therapieoberst.de\/index.php?rest_route=%2Fwp%2Fv2%2Fcomments&post=33"}],"version-history":[{"count":7,"href":"https:\/\/therapieoberst.de\/index.php?rest_route=\/wp\/v2\/pages\/33\/revisions"}],"predecessor-version":[{"id":44,"href":"https:\/\/therapieoberst.de\/index.php?rest_route=\/wp\/v2\/pages\/33\/revisions\/44"}],"wp:attachment":[{"href":"https:\/\/therapieoberst.de\/index.php?rest_route=%2Fwp%2Fv2%2Fmedia&parent=33"}],"curies":[{"name":"wp","href":"https:\/\/api.w.org\/{rel}","templated":true}]}}